{"id":310,"date":"2021-11-04T10:21:32","date_gmt":"2021-11-04T10:21:32","guid":{"rendered":"https:\/\/schneider-airsystems.pl\/?page_id=310"},"modified":"2023-11-08T22:45:33","modified_gmt":"2023-11-08T21:45:33","slug":"czesci-zamienne","status":"publish","type":"page","link":"https:\/\/schneider-airsystems.pl\/?page_id=310","title":{"rendered":"Cz\u0119\u015bci zamienne"},"content":{"rendered":"\t\t<div data-elementor-type=\"wp-page\" data-elementor-id=\"310\" class=\"elementor elementor-310\">\n\t\t\t\t\t\t\t\t\t<section class=\"elementor-section elementor-top-section elementor-element elementor-element-676f307 elementor-section-boxed elementor-section-height-default elementor-section-height-default\" data-id=\"676f307\" data-element_type=\"section\" data-settings=\"{&quot;background_background&quot;:&quot;classic&quot;}\">\n\t\t\t\t\t\t\t<div class=\"elementor-background-overlay\"><\/div>\n\t\t\t\t\t\t\t<div class=\"elementor-container elementor-column-gap-no\">\n\t\t\t\t\t<div class=\"elementor-column elementor-col-100 elementor-top-column elementor-element elementor-element-cfd909f\" data-id=\"cfd909f\" data-element_type=\"column\">\n\t\t\t<div class=\"elementor-widget-wrap elementor-element-populated\">\n\t\t\t\t\t\t\t\t<div class=\"elementor-element elementor-element-fd6730a elementor-widget elementor-widget-heading\" data-id=\"fd6730a\" data-element_type=\"widget\" data-widget_type=\"heading.default\">\n\t\t\t\t<div class=\"elementor-widget-container\">\n\t\t\t<style>\/*! elementor - v3.17.0 - 01-11-2023 *\/\n.elementor-heading-title{padding:0;margin:0;line-height:1}.elementor-widget-heading .elementor-heading-title[class*=elementor-size-]>a{color:inherit;font-size:inherit;line-height:inherit}.elementor-widget-heading .elementor-heading-title.elementor-size-small{font-size:15px}.elementor-widget-heading .elementor-heading-title.elementor-size-medium{font-size:19px}.elementor-widget-heading .elementor-heading-title.elementor-size-large{font-size:29px}.elementor-widget-heading .elementor-heading-title.elementor-size-xl{font-size:39px}.elementor-widget-heading .elementor-heading-title.elementor-size-xxl{font-size:59px}<\/style><h1 class=\"elementor-heading-title elementor-size-default\">Cz\u0119\u015bci zamienne<\/h1>\t\t<\/div>\n\t\t\t\t<\/div>\n\t\t\t\t\t<\/div>\n\t\t<\/div>\n\t\t\t\t\t\t\t<\/div>\n\t\t<\/section>\n\t\t\t\t<section class=\"elementor-section elementor-top-section elementor-element elementor-element-62fcd5c elementor-section-boxed elementor-section-height-default elementor-section-height-default\" data-id=\"62fcd5c\" data-element_type=\"section\" data-settings=\"{&quot;background_background&quot;:&quot;classic&quot;}\">\n\t\t\t\t\t\t<div class=\"elementor-container elementor-column-gap-no\">\n\t\t\t\t\t<div class=\"elementor-column elementor-col-100 elementor-top-column elementor-element elementor-element-6096f1b\" data-id=\"6096f1b\" data-element_type=\"column\">\n\t\t\t<div class=\"elementor-widget-wrap elementor-element-populated\">\n\t\t\t\t\t\t\t\t<section class=\"elementor-section elementor-inner-section elementor-element elementor-element-eff919d elementor-section-boxed elementor-section-height-default elementor-section-height-default\" data-id=\"eff919d\" data-element_type=\"section\">\n\t\t\t\t\t\t<div class=\"elementor-container elementor-column-gap-no\">\n\t\t\t\t\t<div class=\"elementor-column elementor-col-100 elementor-inner-column elementor-element elementor-element-7b0bffe\" data-id=\"7b0bffe\" data-element_type=\"column\">\n\t\t\t<div class=\"elementor-widget-wrap elementor-element-populated\">\n\t\t\t\t\t\t\t\t<div class=\"elementor-element elementor-element-e17fad8 elementor-widget elementor-widget-heading\" data-id=\"e17fad8\" data-element_type=\"widget\" data-widget_type=\"heading.default\">\n\t\t\t\t<div class=\"elementor-widget-container\">\n\t\t\t<h3 class=\"elementor-heading-title elementor-size-default\">Cz\u0119\u015bci zamienne<\/h3>\t\t<\/div>\n\t\t\t\t<\/div>\n\t\t\t\t<div class=\"elementor-element elementor-element-ecb1e43 elementor-widget elementor-widget-heading\" data-id=\"ecb1e43\" data-element_type=\"widget\" data-widget_type=\"heading.default\">\n\t\t\t\t<div class=\"elementor-widget-container\">\n\t\t\t<h2 class=\"elementor-heading-title elementor-size-default\"><a href=\"https:\/\/ekat.schneider-airsystems.de\/catalog\/app?__bk_&#038;__windowid=GOX577299306&#038;__rid=GKL1699479568393#2V10C9D9248E4C6405\" target=\"_blank\">Katalog cz\u0119\u015bci zamiennych<\/a><\/h2>\t\t<\/div>\n\t\t\t\t<\/div>\n\t\t\t\t\t<\/div>\n\t\t<\/div>\n\t\t\t\t\t\t\t<\/div>\n\t\t<\/section>\n\t\t\t\t<div class=\"elementor-element elementor-element-23821b2 elementor-widget elementor-widget-text-editor\" data-id=\"23821b2\" data-element_type=\"widget\" data-widget_type=\"text-editor.default\">\n\t\t\t\t<div class=\"elementor-widget-container\">\n\t\t\t<style>\/*! elementor - v3.17.0 - 01-11-2023 *\/\n.elementor-widget-text-editor.elementor-drop-cap-view-stacked .elementor-drop-cap{background-color:#69727d;color:#fff}.elementor-widget-text-editor.elementor-drop-cap-view-framed .elementor-drop-cap{color:#69727d;border:3px solid;background-color:transparent}.elementor-widget-text-editor:not(.elementor-drop-cap-view-default) .elementor-drop-cap{margin-top:8px}.elementor-widget-text-editor:not(.elementor-drop-cap-view-default) .elementor-drop-cap-letter{width:1em;height:1em}.elementor-widget-text-editor .elementor-drop-cap{float:left;text-align:center;line-height:1;font-size:50px}.elementor-widget-text-editor .elementor-drop-cap-letter{display:inline-block}<\/style>\t\t\t\t<p style=\"text-align: center;\">Kliknij w celu wyszukania cz\u0119\u015bci zamiennych. Katalog z cz\u0119\u015bciami otworzy si\u0119 w nowym oknie.<\/p>\t\t\t\t\t\t<\/div>\n\t\t\t\t<\/div>\n\t\t\t\t<section class=\"elementor-section elementor-inner-section elementor-element elementor-element-0ace7b5 elementor-section-boxed elementor-section-height-default elementor-section-height-default\" data-id=\"0ace7b5\" data-element_type=\"section\">\n\t\t\t\t\t\t<div class=\"elementor-container elementor-column-gap-no\">\n\t\t\t\t\t<div class=\"elementor-column elementor-col-33 elementor-inner-column elementor-element elementor-element-e497fd2\" data-id=\"e497fd2\" data-element_type=\"column\">\n\t\t\t<div class=\"elementor-widget-wrap elementor-element-populated\">\n\t\t\t\t\t\t\t\t<div class=\"elementor-element elementor-element-e0dc10d elementor-position-top elementor-widget elementor-widget-image-box\" data-id=\"e0dc10d\" data-element_type=\"widget\" data-widget_type=\"image-box.default\">\n\t\t\t\t<div class=\"elementor-widget-container\">\n\t\t\t<style>\/*! elementor - v3.17.0 - 01-11-2023 *\/\n.elementor-widget-image-box .elementor-image-box-content{width:100%}@media (min-width:768px){.elementor-widget-image-box.elementor-position-left .elementor-image-box-wrapper,.elementor-widget-image-box.elementor-position-right .elementor-image-box-wrapper{display:flex}.elementor-widget-image-box.elementor-position-right .elementor-image-box-wrapper{text-align:right;flex-direction:row-reverse}.elementor-widget-image-box.elementor-position-left .elementor-image-box-wrapper{text-align:left;flex-direction:row}.elementor-widget-image-box.elementor-position-top .elementor-image-box-img{margin:auto}.elementor-widget-image-box.elementor-vertical-align-top .elementor-image-box-wrapper{align-items:flex-start}.elementor-widget-image-box.elementor-vertical-align-middle .elementor-image-box-wrapper{align-items:center}.elementor-widget-image-box.elementor-vertical-align-bottom .elementor-image-box-wrapper{align-items:flex-end}}@media (max-width:767px){.elementor-widget-image-box .elementor-image-box-img{margin-left:auto!important;margin-right:auto!important;margin-bottom:15px}}.elementor-widget-image-box .elementor-image-box-img{display:inline-block}.elementor-widget-image-box .elementor-image-box-title a{color:inherit}.elementor-widget-image-box .elementor-image-box-wrapper{text-align:center}.elementor-widget-image-box .elementor-image-box-description{margin:0}<\/style><div class=\"elementor-image-box-wrapper\"><figure class=\"elementor-image-box-img\"><img fetchpriority=\"high\" decoding=\"async\" width=\"2560\" height=\"1592\" src=\"https:\/\/schneider-airsystems.pl\/wp-content\/uploads\/2023\/11\/management-scaled.jpg\" class=\"attachment-full size-full wp-image-677\" alt=\"\" srcset=\"https:\/\/schneider-airsystems.pl\/wp-content\/uploads\/2023\/11\/management-scaled.jpg 2560w, https:\/\/schneider-airsystems.pl\/wp-content\/uploads\/2023\/11\/management-300x187.jpg 300w, https:\/\/schneider-airsystems.pl\/wp-content\/uploads\/2023\/11\/management-1024x637.jpg 1024w, https:\/\/schneider-airsystems.pl\/wp-content\/uploads\/2023\/11\/management-768x478.jpg 768w, https:\/\/schneider-airsystems.pl\/wp-content\/uploads\/2023\/11\/management-1536x955.jpg 1536w, https:\/\/schneider-airsystems.pl\/wp-content\/uploads\/2023\/11\/management-2048x1274.jpg 2048w\" sizes=\"(max-width: 2560px) 100vw, 2560px\" \/><\/figure><div class=\"elementor-image-box-content\"><h3 class=\"elementor-image-box-title\">Doradztwo<\/h3><p class=\"elementor-image-box-description\">je\u015bli sam nie znalaz\u0142e\u015b odpowiedniej cz\u0119\u015bci, wy\u015blij do nas szczeg\u00f3\u0142y, zdj\u0119cie, opis itp.... postaramy si\u0119 pom\u00f3c. <\/p><\/div><\/div>\t\t<\/div>\n\t\t\t\t<\/div>\n\t\t\t\t<div class=\"elementor-element elementor-element-cada101 elementor-align-left elementor-icon-list--layout-traditional elementor-list-item-link-full_width elementor-widget elementor-widget-icon-list\" data-id=\"cada101\" data-element_type=\"widget\" data-widget_type=\"icon-list.default\">\n\t\t\t\t<div class=\"elementor-widget-container\">\n\t\t\t<link rel=\"stylesheet\" href=\"https:\/\/schneider-airsystems.pl\/wp-content\/plugins\/elementor\/assets\/css\/widget-icon-list.min.css\">\t\t<ul class=\"elementor-icon-list-items\">\n\t\t\t\t\t\t\t<li class=\"elementor-icon-list-item\">\n\t\t\t\t\t\t\t\t\t\t\t<a href=\"#\">\n\n\t\t\t\t\t\t\t\t\t\t\t\t<span class=\"elementor-icon-list-icon\">\n\t\t\t\t\t\t\t<i aria-hidden=\"true\" class=\"fas fa-long-arrow-alt-right\"><\/i>\t\t\t\t\t\t<\/span>\n\t\t\t\t\t\t\t\t\t\t<span class=\"elementor-icon-list-text\">Read More<\/span>\n\t\t\t\t\t\t\t\t\t\t\t<\/a>\n\t\t\t\t\t\t\t\t\t<\/li>\n\t\t\t\t\t\t<\/ul>\n\t\t\t\t<\/div>\n\t\t\t\t<\/div>\n\t\t\t\t\t<\/div>\n\t\t<\/div>\n\t\t\t\t<div class=\"elementor-column elementor-col-33 elementor-inner-column elementor-element elementor-element-dd6151a\" data-id=\"dd6151a\" data-element_type=\"column\">\n\t\t\t<div class=\"elementor-widget-wrap elementor-element-populated\">\n\t\t\t\t\t\t\t\t<div class=\"elementor-element elementor-element-d35ce9d elementor-position-top elementor-widget elementor-widget-image-box\" data-id=\"d35ce9d\" data-element_type=\"widget\" data-widget_type=\"image-box.default\">\n\t\t\t\t<div class=\"elementor-widget-container\">\n\t\t\t<div class=\"elementor-image-box-wrapper\"><figure class=\"elementor-image-box-img\"><img decoding=\"async\" width=\"2550\" height=\"2560\" src=\"https:\/\/schneider-airsystems.pl\/wp-content\/uploads\/2023\/11\/gwarancja-scaled.jpg\" class=\"attachment-full size-full wp-image-674\" alt=\"\" srcset=\"https:\/\/schneider-airsystems.pl\/wp-content\/uploads\/2023\/11\/gwarancja-scaled.jpg 2550w, https:\/\/schneider-airsystems.pl\/wp-content\/uploads\/2023\/11\/gwarancja-300x300.jpg 300w, https:\/\/schneider-airsystems.pl\/wp-content\/uploads\/2023\/11\/gwarancja-1020x1024.jpg 1020w, https:\/\/schneider-airsystems.pl\/wp-content\/uploads\/2023\/11\/gwarancja-150x150.jpg 150w, https:\/\/schneider-airsystems.pl\/wp-content\/uploads\/2023\/11\/gwarancja-768x771.jpg 768w, https:\/\/schneider-airsystems.pl\/wp-content\/uploads\/2023\/11\/gwarancja-1530x1536.jpg 1530w, https:\/\/schneider-airsystems.pl\/wp-content\/uploads\/2023\/11\/gwarancja-2040x2048.jpg 2040w\" sizes=\"(max-width: 2550px) 100vw, 2550px\" \/><\/figure><div class=\"elementor-image-box-content\"><h3 class=\"elementor-image-box-title\">Gwarancja 3 lata<\/h3><p class=\"elementor-image-box-description\">Produkty oznaczone tak\u0105 ikon\u0105, s\u0105 obj\u0119te przed\u0142u\u017con\u0105 gwarancj\u0105 do 3 lat. <\/p><\/div><\/div>\t\t<\/div>\n\t\t\t\t<\/div>\n\t\t\t\t<div class=\"elementor-element elementor-element-5c89057 elementor-align-left elementor-icon-list--layout-traditional elementor-list-item-link-full_width elementor-widget elementor-widget-icon-list\" data-id=\"5c89057\" data-element_type=\"widget\" data-widget_type=\"icon-list.default\">\n\t\t\t\t<div class=\"elementor-widget-container\">\n\t\t\t\t\t<ul class=\"elementor-icon-list-items\">\n\t\t\t\t\t\t\t<li class=\"elementor-icon-list-item\">\n\t\t\t\t\t\t\t\t\t\t\t<a href=\"#\">\n\n\t\t\t\t\t\t\t\t\t\t\t\t<span class=\"elementor-icon-list-icon\">\n\t\t\t\t\t\t\t<i aria-hidden=\"true\" class=\"fas fa-long-arrow-alt-right\"><\/i>\t\t\t\t\t\t<\/span>\n\t\t\t\t\t\t\t\t\t\t<span class=\"elementor-icon-list-text\">Read More<\/span>\n\t\t\t\t\t\t\t\t\t\t\t<\/a>\n\t\t\t\t\t\t\t\t\t<\/li>\n\t\t\t\t\t\t<\/ul>\n\t\t\t\t<\/div>\n\t\t\t\t<\/div>\n\t\t\t\t\t<\/div>\n\t\t<\/div>\n\t\t\t\t<div class=\"elementor-column elementor-col-33 elementor-inner-column elementor-element elementor-element-e9a339c\" data-id=\"e9a339c\" data-element_type=\"column\">\n\t\t\t<div class=\"elementor-widget-wrap elementor-element-populated\">\n\t\t\t\t\t\t\t\t<div class=\"elementor-element elementor-element-8f4b8f6 elementor-position-top elementor-widget elementor-widget-image-box\" data-id=\"8f4b8f6\" data-element_type=\"widget\" data-widget_type=\"image-box.default\">\n\t\t\t\t<div class=\"elementor-widget-container\">\n\t\t\t<div class=\"elementor-image-box-wrapper\"><figure class=\"elementor-image-box-img\"><img decoding=\"async\" width=\"2556\" height=\"1228\" src=\"https:\/\/schneider-airsystems.pl\/wp-content\/uploads\/2023\/11\/centrala.jpg\" class=\"attachment-full size-full wp-image-675\" alt=\"\" srcset=\"https:\/\/schneider-airsystems.pl\/wp-content\/uploads\/2023\/11\/centrala.jpg 2556w, https:\/\/schneider-airsystems.pl\/wp-content\/uploads\/2023\/11\/centrala-300x144.jpg 300w, https:\/\/schneider-airsystems.pl\/wp-content\/uploads\/2023\/11\/centrala-1024x492.jpg 1024w, https:\/\/schneider-airsystems.pl\/wp-content\/uploads\/2023\/11\/centrala-768x369.jpg 768w, https:\/\/schneider-airsystems.pl\/wp-content\/uploads\/2023\/11\/centrala-1536x738.jpg 1536w, https:\/\/schneider-airsystems.pl\/wp-content\/uploads\/2023\/11\/centrala-2048x984.jpg 2048w\" sizes=\"(max-width: 2556px) 100vw, 2556px\" \/><\/figure><div class=\"elementor-image-box-content\"><h3 class=\"elementor-image-box-title\">Cz\u0119\u015bci zamienne <\/h3><p class=\"elementor-image-box-description\">W serwisie mo\u017cesz zlecie\u0107 wymian\u0119 lub napraw\u0119 sprz\u0119tu po okresie gwarancyjnym. <\/p><\/div><\/div>\t\t<\/div>\n\t\t\t\t<\/div>\n\t\t\t\t<div class=\"elementor-element elementor-element-fefe221 elementor-align-left elementor-icon-list--layout-traditional elementor-list-item-link-full_width elementor-widget elementor-widget-icon-list\" data-id=\"fefe221\" data-element_type=\"widget\" data-widget_type=\"icon-list.default\">\n\t\t\t\t<div class=\"elementor-widget-container\">\n\t\t\t\t\t<ul class=\"elementor-icon-list-items\">\n\t\t\t\t\t\t\t<li class=\"elementor-icon-list-item\">\n\t\t\t\t\t\t\t\t\t\t\t<a href=\"#\">\n\n\t\t\t\t\t\t\t\t\t\t\t\t<span class=\"elementor-icon-list-icon\">\n\t\t\t\t\t\t\t<i aria-hidden=\"true\" class=\"fas fa-long-arrow-alt-right\"><\/i>\t\t\t\t\t\t<\/span>\n\t\t\t\t\t\t\t\t\t\t<span class=\"elementor-icon-list-text\">Read More<\/span>\n\t\t\t\t\t\t\t\t\t\t\t<\/a>\n\t\t\t\t\t\t\t\t\t<\/li>\n\t\t\t\t\t\t<\/ul>\n\t\t\t\t<\/div>\n\t\t\t\t<\/div>\n\t\t\t\t\t<\/div>\n\t\t<\/div>\n\t\t\t\t\t\t\t<\/div>\n\t\t<\/section>\n\t\t\t\t\t<\/div>\n\t\t<\/div>\n\t\t\t\t\t\t\t<\/div>\n\t\t<\/section>\n\t\t\t\t\t\t\t<\/div>\n\t\t","protected":false},"excerpt":{"rendered":"<p>Cz\u0119\u015bci zamienne Cz\u0119\u015bci zamienne Katalog cz\u0119\u015bci zamiennych Kliknij w celu wyszukania cz\u0119\u015bci zamiennych. Katalog z cz\u0119\u015bciami otworzy si\u0119 w nowym oknie. Doradztwo je\u015bli sam nie znalaz\u0142e\u015b odpowiedniej cz\u0119\u015bci, wy\u015blij do nas szczeg\u00f3\u0142y, zdj\u0119cie, opis itp&#8230;. postaramy si\u0119 pom\u00f3c. Read More Gwarancja 3 lata Produkty oznaczone tak\u0105 ikon\u0105, s\u0105 obj\u0119te przed\u0142u\u017con\u0105 gwarancj\u0105 do 3 lat. Read &hellip;<\/p>\n<p class=\"read-more\"> <a class=\"\" href=\"https:\/\/schneider-airsystems.pl\/?page_id=310\"> <span class=\"screen-reader-text\">Cz\u0119\u015bci zamienne<\/span> Read More &raquo;<\/a><\/p>\n","protected":false},"author":1,"featured_media":0,"parent":0,"menu_order":0,"comment_status":"closed","ping_status":"closed","template":"","meta":{"site-sidebar-layout":"no-sidebar","site-content-layout":"page-builder","ast-site-content-layout":"","site-content-style":"default","site-sidebar-style":"default","ast-global-header-display":"","ast-banner-title-visibility":"","ast-main-header-display":"","ast-hfb-above-header-display":"","ast-hfb-below-header-display":"","ast-hfb-mobile-header-display":"","site-post-title":"disabled","ast-breadcrumbs-content":"disabled","ast-featured-img":"disabled","footer-sml-layout":"","theme-transparent-header-meta":"enabled","adv-header-id-meta":"","stick-header-meta":"","header-above-stick-meta":"","header-main-stick-meta":"","header-below-stick-meta":"","astra-migrate-meta-layouts":"","ast-page-background-enabled":"default","ast-page-background-meta":{"desktop":{"background-color":"var(--ast-global-color-4)","background-image":"","background-repeat":"repeat","background-position":"center center","background-size":"auto","background-attachment":"scroll","background-type":"","background-media":"","overlay-type":"","overlay-color":"","overlay-gradient":""},"tablet":{"background-color":"","background-image":"","background-repeat":"repeat","background-position":"center center","background-size":"auto","background-attachment":"scroll","background-type":"","background-media":"","overlay-type":"","overlay-color":"","overlay-gradient":""},"mobile":{"background-color":"","background-image":"","background-repeat":"repeat","background-position":"center center","background-size":"auto","background-attachment":"scroll","background-type":"","background-media":"","overlay-type":"","overlay-color":"","overlay-gradient":""}},"ast-content-background-meta":{"desktop":{"background-color":"var(--ast-global-color-5)","background-image":"","background-repeat":"repeat","background-position":"center center","background-size":"auto","background-attachment":"scroll","background-type":"","background-media":"","overlay-type":"","overlay-color":"","overlay-gradient":""},"tablet":{"background-color":"var(--ast-global-color-5)","background-image":"","background-repeat":"repeat","background-position":"center center","background-size":"auto","background-attachment":"scroll","background-type":"","background-media":"","overlay-type":"","overlay-color":"","overlay-gradient":""},"mobile":{"background-color":"var(--ast-global-color-5)","background-image":"","background-repeat":"repeat","background-position":"center center","background-size":"auto","background-attachment":"scroll","background-type":"","background-media":"","overlay-type":"","overlay-color":"","overlay-gradient":""}},"footnotes":""},"class_list":["post-310","page","type-page","status-publish","hentry"],"_links":{"self":[{"href":"https:\/\/schneider-airsystems.pl\/index.php?rest_route=\/wp\/v2\/pages\/310","targetHints":{"allow":["GET"]}}],"collection":[{"href":"https:\/\/schneider-airsystems.pl\/index.php?rest_route=\/wp\/v2\/pages"}],"about":[{"href":"https:\/\/schneider-airsystems.pl\/index.php?rest_route=\/wp\/v2\/types\/page"}],"author":[{"embeddable":true,"href":"https:\/\/schneider-airsystems.pl\/index.php?rest_route=\/wp\/v2\/users\/1"}],"replies":[{"embeddable":true,"href":"https:\/\/schneider-airsystems.pl\/index.php?rest_route=%2Fwp%2Fv2%2Fcomments&post=310"}],"version-history":[{"count":17,"href":"https:\/\/schneider-airsystems.pl\/index.php?rest_route=\/wp\/v2\/pages\/310\/revisions"}],"predecessor-version":[{"id":691,"href":"https:\/\/schneider-airsystems.pl\/index.php?rest_route=\/wp\/v2\/pages\/310\/revisions\/691"}],"wp:attachment":[{"href":"https:\/\/schneider-airsystems.pl\/index.php?rest_route=%2Fwp%2Fv2%2Fmedia&parent=310"}],"curies":[{"name":"wp","href":"https:\/\/api.w.org\/{rel}","templated":true}]}}