{"id":13,"date":"2021-11-04T10:21:53","date_gmt":"2021-11-04T10:21:53","guid":{"rendered":"https:\/\/schneider-airsystems.pl\/?page_id=13"},"modified":"2023-11-08T23:01:29","modified_gmt":"2023-11-08T22:01:29","slug":"o-firmie","status":"publish","type":"page","link":"https:\/\/schneider-airsystems.pl\/?page_id=13","title":{"rendered":"O firmie"},"content":{"rendered":"\t\t<div data-elementor-type=\"wp-page\" data-elementor-id=\"13\" class=\"elementor elementor-13\">\n\t\t\t\t\t\t\t\t\t<section class=\"elementor-section elementor-top-section elementor-element elementor-element-5b828e3 elementor-section-boxed elementor-section-height-default elementor-section-height-default\" data-id=\"5b828e3\" data-element_type=\"section\" data-settings=\"{&quot;background_background&quot;:&quot;classic&quot;}\">\n\t\t\t\t\t\t\t<div class=\"elementor-background-overlay\"><\/div>\n\t\t\t\t\t\t\t<div class=\"elementor-container elementor-column-gap-no\">\n\t\t\t\t\t<div class=\"elementor-column elementor-col-100 elementor-top-column elementor-element elementor-element-73f9b90\" data-id=\"73f9b90\" data-element_type=\"column\">\n\t\t\t<div class=\"elementor-widget-wrap elementor-element-populated\">\n\t\t\t\t\t\t\t\t<div class=\"elementor-element elementor-element-6cb9832 elementor-widget elementor-widget-heading\" data-id=\"6cb9832\" data-element_type=\"widget\" data-widget_type=\"heading.default\">\n\t\t\t\t<div class=\"elementor-widget-container\">\n\t\t\t<style>\/*! elementor - v3.17.0 - 01-11-2023 *\/\n.elementor-heading-title{padding:0;margin:0;line-height:1}.elementor-widget-heading .elementor-heading-title[class*=elementor-size-]>a{color:inherit;font-size:inherit;line-height:inherit}.elementor-widget-heading .elementor-heading-title.elementor-size-small{font-size:15px}.elementor-widget-heading .elementor-heading-title.elementor-size-medium{font-size:19px}.elementor-widget-heading .elementor-heading-title.elementor-size-large{font-size:29px}.elementor-widget-heading .elementor-heading-title.elementor-size-xl{font-size:39px}.elementor-widget-heading .elementor-heading-title.elementor-size-xxl{font-size:59px}<\/style><h1 class=\"elementor-heading-title elementor-size-default\">O firmie<\/h1>\t\t<\/div>\n\t\t\t\t<\/div>\n\t\t\t\t\t<\/div>\n\t\t<\/div>\n\t\t\t\t\t\t\t<\/div>\n\t\t<\/section>\n\t\t<div class=\"elementor-element elementor-element-d1e3288 e-flex e-con-boxed e-con e-parent\" data-id=\"d1e3288\" data-element_type=\"container\" data-settings=\"{&quot;content_width&quot;:&quot;boxed&quot;}\" data-core-v316-plus=\"true\">\n\t\t\t\t\t<div class=\"e-con-inner\">\n\t\t\t\t<div class=\"elementor-element elementor-element-5b60ffe elementor-widget elementor-widget-text-editor\" data-id=\"5b60ffe\" data-element_type=\"widget\" data-widget_type=\"text-editor.default\">\n\t\t\t\t<div class=\"elementor-widget-container\">\n\t\t\t<style>\/*! elementor - v3.17.0 - 01-11-2023 *\/\n.elementor-widget-text-editor.elementor-drop-cap-view-stacked .elementor-drop-cap{background-color:#69727d;color:#fff}.elementor-widget-text-editor.elementor-drop-cap-view-framed .elementor-drop-cap{color:#69727d;border:3px solid;background-color:transparent}.elementor-widget-text-editor:not(.elementor-drop-cap-view-default) .elementor-drop-cap{margin-top:8px}.elementor-widget-text-editor:not(.elementor-drop-cap-view-default) .elementor-drop-cap-letter{width:1em;height:1em}.elementor-widget-text-editor .elementor-drop-cap{float:left;text-align:center;line-height:1;font-size:50px}.elementor-widget-text-editor .elementor-drop-cap-letter{display:inline-block}<\/style>\t\t\t\t<div class=\"columns c-parsys-divider__item\"><div class=\"o-grid\"><div class=\"o-grid__item u-1-of-1-bp2 u-1-of-2-bp4 column-padding-30\"><div class=\"aem-Grid aem-Grid--12 aem-Grid--default--12 \"><div class=\"subtitle s-editor c-parsys-divider__item aem-GridColumn aem-GridColumn--default--12\"><h2 class=\"u-h3 u-mb-beta disable-italics-true\">Co reprezentujemy<\/h2><\/div><div class=\"paragraph s-editor c-parsys-divider__item s-editor--para aem-GridColumn aem-GridColumn--default--12\"><div><p>Zajmujemy si\u0119 wszystkim, wi\u0119c nie musisz martwi\u0107 si\u0119 o spr\u0119\u017cone powietrze. Oferujemy rozwi\u0105zania w zakresie spr\u0119\u017conego powietrza dla ca\u0142ego sektora spr\u0119\u017conego powietrza &#8211; w wysokiej jako\u015bci i dostosowane do indywidualnych potrzeb.<\/p><p>Nasze szerokie portfolio produkt\u00f3w obejmuje \u0142\u0105cznie 4 modu\u0142y: od wytwarzania spr\u0119\u017conego powietrza, poprzez jego uzdatnianie i dystrybucj\u0119, a\u017c po wykorzystanie spr\u0119\u017conego powietrza. Nasze wydajne i innowacyjne produkty stanowi\u0105 podstaw\u0119 wydajnych i trwa\u0142ych rozwi\u0105za\u0144 w zakresie spr\u0119\u017conego powietrza. Nasze bogate portfolio produkt\u00f3w zapewnia liczne opcje kombinacji, dzi\u0119ki kt\u00f3rym mo\u017cemy sprosta\u0107 szerokiemu zakresowi wymaga\u0144 klient\u00f3w.<\/p><\/div><\/div><\/div><\/div><div class=\"o-grid__item col__right u-1-of-1-bp2 u-1-of-2-bp4 column-padding-30\"><div class=\"aem-Grid aem-Grid--12 aem-Grid--default--12 \"><div class=\"paragraph s-editor c-parsys-divider__item s-editor--para aem-GridColumn aem-GridColumn--default--12\"><div>\u00a0<\/div><\/div><div class=\"image s-editor c-parsys-divider__item aem-GridColumn aem-GridColumn--default--12\"><div class=\"s-img\"><span class=\"s-img\"> <picture class=\"image-object-fit-ie\"> <source srcset=\"\/\/atlascopco.scene7.com\/is\/image\/atlascopco\/Schneider+production+%289%29_4000x4000?$landscape1600$\" media=\"(min-width: 1600px)\" data-srcset=\"\/\/atlascopco.scene7.com\/is\/image\/atlascopco\/Schneider+production+%289%29_4000x4000?$landscape1600$\" \/> <source srcset=\"\/\/atlascopco.scene7.com\/is\/image\/atlascopco\/Schneider+production+%289%29_4000x4000?$landscape1280$\" media=\"(min-width: 1280px)\" data-srcset=\"\/\/atlascopco.scene7.com\/is\/image\/atlascopco\/Schneider+production+%289%29_4000x4000?$landscape1280$\" \/> <source srcset=\"\/\/atlascopco.scene7.com\/is\/image\/atlascopco\/Schneider+production+%289%29_4000x4000?$landscape950$\" media=\"(min-width: 950px)\" data-srcset=\"\/\/atlascopco.scene7.com\/is\/image\/atlascopco\/Schneider+production+%289%29_4000x4000?$landscape950$\" \/> <source srcset=\"\/\/atlascopco.scene7.com\/is\/image\/atlascopco\/Schneider+production+%289%29_4000x4000?$landscape800$\" media=\"(min-width: 800px)\" data-srcset=\"\/\/atlascopco.scene7.com\/is\/image\/atlascopco\/Schneider+production+%289%29_4000x4000?$landscape800$\" \/> <source srcset=\"\/\/atlascopco.scene7.com\/is\/image\/atlascopco\/Schneider+production+%289%29_4000x4000?$landscape600$\" media=\"(min-width: 600px)\" data-srcset=\"\/\/atlascopco.scene7.com\/is\/image\/atlascopco\/Schneider+production+%289%29_4000x4000?$landscape600$\" \/> <source srcset=\"\/\/atlascopco.scene7.com\/is\/image\/atlascopco\/Schneider+production+%289%29_4000x4000?$landscape400$\" data-srcset=\"\/\/atlascopco.scene7.com\/is\/image\/atlascopco\/Schneider+production+%289%29_4000x4000?$landscape400$\" \/> <img class=\"cq-dd-image lazyloaded\" srcset=\"data:image\/gif;base64,R0lGODlhAQABAAAAACH5BAEKAAEALAAAAAABAAEAAAICTAEAOw==\" alt=\"Schneider production piston compressors\" data-srcset=\"data:image\/gif;base64,R0lGODlhAQABAAAAACH5BAEKAAEALAAAAAABAAEAAAICTAEAOw==\" \/> <\/picture> <\/span><\/div><\/div><\/div><\/div><\/div><\/div><div class=\"columns c-parsys-divider__item\"><div class=\"o-grid\"><div class=\"o-grid__item u-1-of-1-bp2 u-1-of-2-bp4 column-padding-30\"><div class=\"aem-Grid aem-Grid--12 aem-Grid--default--12 \"><div class=\"image s-editor c-parsys-divider__item aem-GridColumn aem-GridColumn--default--12\"><div class=\"s-img\"><span class=\"s-img\"> <picture class=\"image-object-fit-ie\"> <source srcset=\"\/\/atlascopco.scene7.com\/is\/image\/atlascopco\/compactmaster_a214001_d_01?$landscape1600$&amp;fit=stretch,1\" media=\"(min-width: 1600px)\" data-srcset=\"\/\/atlascopco.scene7.com\/is\/image\/atlascopco\/compactmaster_a214001_d_01?$landscape1600$&amp;fit=stretch,1\" \/> <source srcset=\"\/\/atlascopco.scene7.com\/is\/image\/atlascopco\/compactmaster_a214001_d_01?$landscape1280$&amp;fit=stretch,1\" media=\"(min-width: 1280px)\" data-srcset=\"\/\/atlascopco.scene7.com\/is\/image\/atlascopco\/compactmaster_a214001_d_01?$landscape1280$&amp;fit=stretch,1\" \/> <source srcset=\"\/\/atlascopco.scene7.com\/is\/image\/atlascopco\/compactmaster_a214001_d_01?$landscape950$&amp;fit=stretch,1\" media=\"(min-width: 950px)\" data-srcset=\"\/\/atlascopco.scene7.com\/is\/image\/atlascopco\/compactmaster_a214001_d_01?$landscape950$&amp;fit=stretch,1\" \/> <source srcset=\"\/\/atlascopco.scene7.com\/is\/image\/atlascopco\/compactmaster_a214001_d_01?$landscape800$&amp;fit=stretch,1\" media=\"(min-width: 800px)\" data-srcset=\"\/\/atlascopco.scene7.com\/is\/image\/atlascopco\/compactmaster_a214001_d_01?$landscape800$&amp;fit=stretch,1\" \/> <source srcset=\"\/\/atlascopco.scene7.com\/is\/image\/atlascopco\/compactmaster_a214001_d_01?$landscape600$&amp;fit=stretch,1\" media=\"(min-width: 600px)\" data-srcset=\"\/\/atlascopco.scene7.com\/is\/image\/atlascopco\/compactmaster_a214001_d_01?$landscape600$&amp;fit=stretch,1\" \/> <source srcset=\"\/\/atlascopco.scene7.com\/is\/image\/atlascopco\/compactmaster_a214001_d_01?$landscape400$\" data-srcset=\"\/\/atlascopco.scene7.com\/is\/image\/atlascopco\/compactmaster_a214001_d_01?$landscape400$\" \/> <img class=\"cq-dd-image lazyloaded\" srcset=\"data:image\/gif;base64,R0lGODlhAQABAAAAACH5BAEKAAEALAAAAAABAAEAAAICTAEAOw==\" alt=\"Detail CompactMaster\" data-srcset=\"data:image\/gif;base64,R0lGODlhAQABAAAAACH5BAEKAAEALAAAAAABAAEAAAICTAEAOw==\" \/> <\/picture> <\/span><\/div><\/div><\/div><\/div><div class=\"o-grid__item col__right u-1-of-1-bp2 u-1-of-2-bp4 column-padding-30\"><div class=\"aem-Grid aem-Grid--12 aem-Grid--default--12 \"><div class=\"paragraph s-editor c-parsys-divider__item s-editor--para aem-GridColumn aem-GridColumn--default--12\"><div><p>Aby zapewni\u0107, \u017ce jako profesjonalny u\u017cytkownik jeste\u015b w najlepszych r\u0119kach, utrzymujemy intensywne partnerstwo z handlem specjalistycznym. Obejmuje to r\u00f3wnie\u017c wsparcie przy pomiarach wydajno\u015bci i konstrukcjach spr\u0119\u017conego powietrza, a\u017c po instalacj\u0119 i uruchomienie bezpo\u015brednio u klienta.<\/p><p>Dzi\u0119ki naszej kompleksowej koncepcji serwisowej i niezawodnym partnerom serwisowym jeste\u015bmy na miejscu r\u00f3wnie\u017c wtedy, gdy w systemie zabraknie spr\u0119\u017conego powietrza, zapewniaj\u0105c niezawodno\u015b\u0107 dzia\u0142ania.<\/p><p>Dzi\u0119ki naszym zindywidualizowanym rozwi\u0105zaniom w zakresie spr\u0119\u017conego powietrza i naszemu ponad 50-letniemu do\u015bwiadczeniu tworzymy podstawy dla wydajnego i bezpiecznego zaopatrzenia w spr\u0119\u017cone powietrze.<\/p><\/div><\/div><\/div><\/div><\/div><\/div><div class=\"columns c-parsys-divider__item\"><div class=\"o-grid\"><div class=\"o-grid__item u-1-of-1-bp2 u-1-of-2-bp4 column-padding-30\"><div class=\"aem-Grid aem-Grid--12 aem-Grid--default--12 \"><div class=\"subtitle s-editor c-parsys-divider__item aem-GridColumn aem-GridColumn--default--12\"><h2 class=\"u-h3 u-mb-beta disable-italics-true\">Kim jeste\u015bmy<\/h2><\/div><div class=\"paragraph s-editor c-parsys-divider__item s-editor--para aem-GridColumn aem-GridColumn--default--12\"><div><p>My, Schneider airsystems, jeste\u015bmy \u015bredniej wielko\u015bci tradycyjn\u0105 firm\u0105 z regionu Szwabii. Nasz duch wynalazczo\u015bci, nasze wieloletnie do\u015bwiadczenie w sektorze spr\u0119\u017conego powietrza i ludzie, kt\u00f3rzy dla nas pracuj\u0105, ka\u017cdego dnia robi\u0105 krok naprz\u00f3d.<\/p><p>Od ponad 50 lat jeste\u015bmy niezawodnym partnerem w zakresie spr\u0119\u017conego powietrza i wspieramy naszych klient\u00f3w wysokiej jako\u015bci kompleksowymi rozwi\u0105zaniami w zakresie spr\u0119\u017conego powietrza.<\/p><\/div><\/div><\/div><\/div><div class=\"o-grid__item col__right u-1-of-1-bp2 u-1-of-2-bp4 column-padding-30\"><div class=\"aem-Grid aem-Grid--12 aem-Grid--default--12 \"><div class=\"paragraph s-editor c-parsys-divider__item s-editor--para aem-GridColumn aem-GridColumn--default--12\"><div>\u00a0<\/div><\/div><div class=\"image s-editor c-parsys-divider__item aem-GridColumn aem-GridColumn--default--12\"><div class=\"s-img\"><span class=\"s-img\"> <picture class=\"image-object-fit-ie\"> <source srcset=\"\/\/atlascopco.scene7.com\/is\/image\/atlascopco\/druckluftanlage2017_xxxxxxx_a_02-1?$landscape1600$\" media=\"(min-width: 1600px)\" data-srcset=\"\/\/atlascopco.scene7.com\/is\/image\/atlascopco\/druckluftanlage2017_xxxxxxx_a_02-1?$landscape1600$\" \/> <source srcset=\"\/\/atlascopco.scene7.com\/is\/image\/atlascopco\/druckluftanlage2017_xxxxxxx_a_02-1?$landscape1280$\" media=\"(min-width: 1280px)\" data-srcset=\"\/\/atlascopco.scene7.com\/is\/image\/atlascopco\/druckluftanlage2017_xxxxxxx_a_02-1?$landscape1280$\" \/> <source srcset=\"\/\/atlascopco.scene7.com\/is\/image\/atlascopco\/druckluftanlage2017_xxxxxxx_a_02-1?$landscape950$\" media=\"(min-width: 950px)\" data-srcset=\"\/\/atlascopco.scene7.com\/is\/image\/atlascopco\/druckluftanlage2017_xxxxxxx_a_02-1?$landscape950$\" \/> <source srcset=\"\/\/atlascopco.scene7.com\/is\/image\/atlascopco\/druckluftanlage2017_xxxxxxx_a_02-1?$landscape800$\" media=\"(min-width: 800px)\" data-srcset=\"\/\/atlascopco.scene7.com\/is\/image\/atlascopco\/druckluftanlage2017_xxxxxxx_a_02-1?$landscape800$\" \/> <source srcset=\"\/\/atlascopco.scene7.com\/is\/image\/atlascopco\/druckluftanlage2017_xxxxxxx_a_02-1?$landscape600$\" media=\"(min-width: 600px)\" data-srcset=\"\/\/atlascopco.scene7.com\/is\/image\/atlascopco\/druckluftanlage2017_xxxxxxx_a_02-1?$landscape600$\" \/> <source srcset=\"\/\/atlascopco.scene7.com\/is\/image\/atlascopco\/druckluftanlage2017_xxxxxxx_a_02-1?$landscape400$\" data-srcset=\"\/\/atlascopco.scene7.com\/is\/image\/atlascopco\/druckluftanlage2017_xxxxxxx_a_02-1?$landscape400$\" \/> <img class=\"cq-dd-image lazyloaded\" srcset=\"data:image\/gif;base64,R0lGODlhAQABAAAAACH5BAEKAAEALAAAAAABAAEAAAICTAEAOw==\" alt=\"Schneider compressed air system\" data-srcset=\"data:image\/gif;base64,R0lGODlhAQABAAAAACH5BAEKAAEALAAAAAABAAEAAAICTAEAOw==\" \/> <\/picture> <\/span><\/div><\/div><\/div><\/div><\/div><\/div><div class=\"columns c-parsys-divider__item\"><div class=\"o-grid\"><div class=\"o-grid__item u-1-of-1-bp2 u-1-of-2-bp4 column-padding-30\"><div class=\"aem-Grid aem-Grid--12 aem-Grid--default--12 \"><div class=\"paragraph s-editor c-parsys-divider__item s-editor--para aem-GridColumn aem-GridColumn--default--12\"><div>\u00a0<\/div><\/div><div class=\"image s-editor c-parsys-divider__item aem-GridColumn aem-GridColumn--default--12\"><div class=\"s-img\"><span class=\"s-img\"> <picture class=\"image-object-fit-ie\"> <source srcset=\"\/\/atlascopco.scene7.com\/is\/image\/atlascopco\/Historie_1600x954?$landscape1600$&amp;fmt=png-alpha\" media=\"(min-width: 1600px)\" data-srcset=\"\/\/atlascopco.scene7.com\/is\/image\/atlascopco\/Historie_1600x954?$landscape1600$&amp;fmt=png-alpha\" \/> <source srcset=\"\/\/atlascopco.scene7.com\/is\/image\/atlascopco\/Historie_1600x954?$landscape1280$&amp;fmt=png-alpha\" media=\"(min-width: 1280px)\" data-srcset=\"\/\/atlascopco.scene7.com\/is\/image\/atlascopco\/Historie_1600x954?$landscape1280$&amp;fmt=png-alpha\" \/> <source srcset=\"\/\/atlascopco.scene7.com\/is\/image\/atlascopco\/Historie_1600x954?$landscape950$&amp;fmt=png-alpha\" media=\"(min-width: 950px)\" data-srcset=\"\/\/atlascopco.scene7.com\/is\/image\/atlascopco\/Historie_1600x954?$landscape950$&amp;fmt=png-alpha\" \/> <source srcset=\"\/\/atlascopco.scene7.com\/is\/image\/atlascopco\/Historie_1600x954?$landscape800$&amp;fmt=png-alpha\" media=\"(min-width: 800px)\" data-srcset=\"\/\/atlascopco.scene7.com\/is\/image\/atlascopco\/Historie_1600x954?$landscape800$&amp;fmt=png-alpha\" \/> <source srcset=\"\/\/atlascopco.scene7.com\/is\/image\/atlascopco\/Historie_1600x954?$landscape600$&amp;fmt=png-alpha\" media=\"(min-width: 600px)\" data-srcset=\"\/\/atlascopco.scene7.com\/is\/image\/atlascopco\/Historie_1600x954?$landscape600$&amp;fmt=png-alpha\" \/> <source srcset=\"\/\/atlascopco.scene7.com\/is\/image\/atlascopco\/Historie_1600x954?$landscape400$&amp;fmt=png-alpha\" data-srcset=\"\/\/atlascopco.scene7.com\/is\/image\/atlascopco\/Historie_1600x954?$landscape400$&amp;fmt=png-alpha\" \/> <img class=\"cq-dd-image lazyloaded\" srcset=\"data:image\/gif;base64,R0lGODlhAQABAAAAACH5BAEKAAEALAAAAAABAAEAAAICTAEAOw==\" alt=\"Schneider historical development compressors\" data-srcset=\"data:image\/gif;base64,R0lGODlhAQABAAAAACH5BAEKAAEALAAAAAABAAEAAAICTAEAOw==\" \/> <\/picture> <\/span><\/div><\/div><\/div><\/div><div class=\"o-grid__item col__right u-1-of-1-bp2 u-1-of-2-bp4 column-padding-30\"><div class=\"o-grid\"><div class=\"subtitle s-editor c-parsys-divider__item aem-GridColumn aem-GridColumn--default--12\"><h2 class=\"u-h3 u-mb-beta disable-italics-true\">Nasze pocz\u0105tki<\/h2><\/div><p>Za\u0142o\u017cona w 1966 roku w szwabskim mie\u015bcie Ditzingen, od samego pocz\u0105tku koncentrowa\u0142a si\u0119 na indywidualnych rozwi\u0105zaniach, kt\u00f3re wykraczaj\u0105 poza pojedyncze produkty. Ju\u017c w ci\u0105gu pierwszych dziesi\u0119ciu lat przekonali\u015bmy do siebie mobilnymi spr\u0119\u017carkami t\u0142okowymi i narz\u0119dziami pneumatycznymi. Zainspirowani o\u017cywion\u0105 wymian\u0105 do\u015bwiadcze\u0144 z naszymi klientami, opracowali\u015bmy CompactMaster, pierwsz\u0105 na rynku prawdziwie mobiln\u0105 i por\u0119czn\u0105 spr\u0119\u017cark\u0119 budowlan\u0105. Aby dalej si\u0119 rozwija\u0107 i skupi\u0107 si\u0119 na monta\u017cu spr\u0119\u017carek, przenie\u015bli\u015bmy si\u0119 do Reutlingen<\/p><p>Rozpocz\u0119li\u015bmy produkcj\u0119 spr\u0119\u017carek stacjonarnych, dzi\u0119ki czemu nasze produkty sta\u0142y si\u0119 jeszcze bardziej przyjazne dla u\u017cytkownika. Coraz wi\u0119cej wyspecjalizowanych dealer\u00f3w polega na rozwi\u0105zaniach Schneider w zakresie spr\u0119\u017conego powietrza i powsta\u0142a nowa koncepcja sklepu dla wyspecjalizowanych dealer\u00f3w. Nasza dzia\u0142alno\u015b\u0107 rozkwit\u0142a i rozszerzyli\u015bmy nasz\u0105 lokalizacj\u0119 o nowy budynek, aby zaoferowa\u0107 jeszcze szersze portfolio produkt\u00f3w. Wkr\u00f3tce potem wkroczyli\u015bmy na scen\u0119 mi\u0119dzynarodow\u0105 i za\u0142o\u017cyli\u015bmy oddzia\u0142y w Czechach i na S\u0142owacji.<\/p><p>W latach 90-tych za\u0142o\u017cyli\u015bmy nasz dzia\u0142 us\u0142ug i obecnie oferujemy naszym klientom fachowe i elastyczne wsparcie opr\u00f3cz naszych wysokiej jako\u015bci produkt\u00f3w. Z biegiem czasu wyrobili\u015bmy sobie mark\u0119 producenta premium w sektorze spr\u0119\u017conego powietrza i jeste\u015bmy szczeg\u00f3lnie poszukiwani przez profesjonalnych u\u017cytkownik\u00f3w w handlu i przemy\u015ble. Nasz innowacyjny SysMaster zrewolucjonizowa\u0142 rynek spr\u0119\u017carek mobilnych.<\/p><p>Wci\u0105\u017c pog\u0142\u0119biamy nasze partnerstwo z bran\u017c\u0105 i wprowadzamy nowe produkty, kt\u00f3re s\u0105 cenione za ich jako\u015b\u0107, odpowiedni dob\u00f3r i niezawodno\u015b\u0107.<\/p><p>\u00a0<\/p><div class=\"o-grid__item col__right u-1-of-1-bp2 u-1-of-2-bp4 column-padding-30\"><div class=\"aem-Grid aem-Grid--12 aem-Grid--default--12 \"><div class=\"image s-editor c-parsys-divider__item aem-GridColumn aem-GridColumn--default--12\"><div class=\"s-img\"><span class=\"s-img\"> <picture class=\"image-object-fit-ie\"> <source srcset=\"\/\/atlascopco.scene7.com\/is\/image\/atlascopco\/Sysmaster_1600x1200?$landscape1600$&amp;fmt=png-alpha\" media=\"(min-width: 1600px)\" data-srcset=\"\/\/atlascopco.scene7.com\/is\/image\/atlascopco\/Sysmaster_1600x1200?$landscape1600$&amp;fmt=png-alpha\" \/> <source srcset=\"\/\/atlascopco.scene7.com\/is\/image\/atlascopco\/Sysmaster_1600x1200?$landscape1280$&amp;fmt=png-alpha\" media=\"(min-width: 1280px)\" data-srcset=\"\/\/atlascopco.scene7.com\/is\/image\/atlascopco\/Sysmaster_1600x1200?$landscape1280$&amp;fmt=png-alpha\" \/> <source srcset=\"\/\/atlascopco.scene7.com\/is\/image\/atlascopco\/Sysmaster_1600x1200?$landscape950$&amp;fmt=png-alpha\" media=\"(min-width: 950px)\" data-srcset=\"\/\/atlascopco.scene7.com\/is\/image\/atlascopco\/Sysmaster_1600x1200?$landscape950$&amp;fmt=png-alpha\" \/> <source srcset=\"\/\/atlascopco.scene7.com\/is\/image\/atlascopco\/Sysmaster_1600x1200?$landscape800$&amp;fmt=png-alpha\" media=\"(min-width: 800px)\" data-srcset=\"\/\/atlascopco.scene7.com\/is\/image\/atlascopco\/Sysmaster_1600x1200?$landscape800$&amp;fmt=png-alpha\" \/> <source srcset=\"\/\/atlascopco.scene7.com\/is\/image\/atlascopco\/Sysmaster_1600x1200?$landscape600$&amp;fmt=png-alpha\" media=\"(min-width: 600px)\" data-srcset=\"\/\/atlascopco.scene7.com\/is\/image\/atlascopco\/Sysmaster_1600x1200?$landscape600$&amp;fmt=png-alpha\" \/> <source srcset=\"\/\/atlascopco.scene7.com\/is\/image\/atlascopco\/Sysmaster_1600x1200?$landscape400$&amp;fmt=png-alpha\" data-srcset=\"\/\/atlascopco.scene7.com\/is\/image\/atlascopco\/Sysmaster_1600x1200?$landscape400$&amp;fmt=png-alpha\" \/> <img class=\"cq-dd-image lazyloaded\" srcset=\"data:image\/gif;base64,R0lGODlhAQABAAAAACH5BAEKAAEALAAAAAABAAEAAAICTAEAOw==\" alt=\"Schneider SysMaster\" data-srcset=\"data:image\/gif;base64,R0lGODlhAQABAAAAACH5BAEKAAEALAAAAAABAAEAAAICTAEAOw==\" \/> <\/picture> <\/span><\/div><\/div><\/div><\/div><\/div><\/div><\/div><\/div>\t\t\t\t\t\t<\/div>\n\t\t\t\t<\/div>\n\t\t\t\t\t<\/div>\n\t\t\t\t<\/div>\n\t\t\t\t\t\t\t<\/div>\n\t\t","protected":false},"excerpt":{"rendered":"<p>O firmie Co reprezentujemy Zajmujemy si\u0119 wszystkim, wi\u0119c nie musisz martwi\u0107 si\u0119 o spr\u0119\u017cone powietrze. Oferujemy rozwi\u0105zania w zakresie spr\u0119\u017conego powietrza dla ca\u0142ego sektora spr\u0119\u017conego powietrza &#8211; w wysokiej jako\u015bci i dostosowane do indywidualnych potrzeb. Nasze szerokie portfolio produkt\u00f3w obejmuje \u0142\u0105cznie 4 modu\u0142y: od wytwarzania spr\u0119\u017conego powietrza, poprzez jego uzdatnianie i dystrybucj\u0119, a\u017c po wykorzystanie &hellip;<\/p>\n<p class=\"read-more\"> <a class=\"\" href=\"https:\/\/schneider-airsystems.pl\/?page_id=13\"> <span class=\"screen-reader-text\">O firmie<\/span> Read More &raquo;<\/a><\/p>\n","protected":false},"author":1,"featured_media":0,"parent":0,"menu_order":0,"comment_status":"closed","ping_status":"closed","template":"","meta":{"site-sidebar-layout":"no-sidebar","site-content-layout":"page-builder","ast-site-content-layout":"","site-content-style":"default","site-sidebar-style":"default","ast-global-header-display":"","ast-banner-title-visibility":"","ast-main-header-display":"","ast-hfb-above-header-display":"","ast-hfb-below-header-display":"","ast-hfb-mobile-header-display":"","site-post-title":"disabled","ast-breadcrumbs-content":"disabled","ast-featured-img":"disabled","footer-sml-layout":"","theme-transparent-header-meta":"enabled","adv-header-id-meta":"","stick-header-meta":"","header-above-stick-meta":"","header-main-stick-meta":"","header-below-stick-meta":"","astra-migrate-meta-layouts":"","ast-page-background-enabled":"default","ast-page-background-meta":{"desktop":{"background-color":"var(--ast-global-color-4)","background-image":"","background-repeat":"repeat","background-position":"center center","background-size":"auto","background-attachment":"scroll","background-type":"","background-media":"","overlay-type":"","overlay-color":"","overlay-gradient":""},"tablet":{"background-color":"","background-image":"","background-repeat":"repeat","background-position":"center center","background-size":"auto","background-attachment":"scroll","background-type":"","background-media":"","overlay-type":"","overlay-color":"","overlay-gradient":""},"mobile":{"background-color":"","background-image":"","background-repeat":"repeat","background-position":"center center","background-size":"auto","background-attachment":"scroll","background-type":"","background-media":"","overlay-type":"","overlay-color":"","overlay-gradient":""}},"ast-content-background-meta":{"desktop":{"background-color":"var(--ast-global-color-5)","background-image":"","background-repeat":"repeat","background-position":"center center","background-size":"auto","background-attachment":"scroll","background-type":"","background-media":"","overlay-type":"","overlay-color":"","overlay-gradient":""},"tablet":{"background-color":"var(--ast-global-color-5)","background-image":"","background-repeat":"repeat","background-position":"center center","background-size":"auto","background-attachment":"scroll","background-type":"","background-media":"","overlay-type":"","overlay-color":"","overlay-gradient":""},"mobile":{"background-color":"var(--ast-global-color-5)","background-image":"","background-repeat":"repeat","background-position":"center center","background-size":"auto","background-attachment":"scroll","background-type":"","background-media":"","overlay-type":"","overlay-color":"","overlay-gradient":""}},"footnotes":""},"class_list":["post-13","page","type-page","status-publish","hentry"],"_links":{"self":[{"href":"https:\/\/schneider-airsystems.pl\/index.php?rest_route=\/wp\/v2\/pages\/13","targetHints":{"allow":["GET"]}}],"collection":[{"href":"https:\/\/schneider-airsystems.pl\/index.php?rest_route=\/wp\/v2\/pages"}],"about":[{"href":"https:\/\/schneider-airsystems.pl\/index.php?rest_route=\/wp\/v2\/types\/page"}],"author":[{"embeddable":true,"href":"https:\/\/schneider-airsystems.pl\/index.php?rest_route=\/wp\/v2\/users\/1"}],"replies":[{"embeddable":true,"href":"https:\/\/schneider-airsystems.pl\/index.php?rest_route=%2Fwp%2Fv2%2Fcomments&post=13"}],"version-history":[{"count":14,"href":"https:\/\/schneider-airsystems.pl\/index.php?rest_route=\/wp\/v2\/pages\/13\/revisions"}],"predecessor-version":[{"id":712,"href":"https:\/\/schneider-airsystems.pl\/index.php?rest_route=\/wp\/v2\/pages\/13\/revisions\/712"}],"wp:attachment":[{"href":"https:\/\/schneider-airsystems.pl\/index.php?rest_route=%2Fwp%2Fv2%2Fmedia&parent=13"}],"curies":[{"name":"wp","href":"https:\/\/api.w.org\/{rel}","templated":true}]}}